{"id":63183,"date":"2023-01-03T09:56:23","date_gmt":"2023-01-03T15:56:23","guid":{"rendered":"https:\/\/trtaorg.wpengine.com\/?page_id=63183"},"modified":"2025-08-14T13:22:38","modified_gmt":"2025-08-14T18:22:38","slug":"legislative-committee","status":"publish","type":"page","link":"https:\/\/trta.org\/es\/about-trta\/standing-committees\/legislative-committee\/","title":{"rendered":"Comit\u00e9 Legislativo"},"content":{"rendered":"<div data-elementor-type=\"wp-page\" data-elementor-id=\"63183\" class=\"elementor elementor-63183\" data-elementor-post-type=\"page\">\n\t\t\t\t\t\t<section class=\"elementor-section elementor-top-section elementor-element elementor-element-779c0a2d committee-details-wrapper section-side-by-side-text-img img-right elementor-section-boxed elementor-section-height-default elementor-section-height-default\" data-id=\"779c0a2d\" data-element_type=\"section\" data-e-type=\"section\">\n\t\t\t\t\t\t<div class=\"elementor-container elementor-column-gap-default\">\n\t\t\t\t\t<div class=\"elementor-column elementor-col-50 elementor-top-column elementor-element elementor-element-3ada2b87 content-col-wrapper\" data-id=\"3ada2b87\" data-element_type=\"column\" data-e-type=\"column\">\n\t\t\t<div class=\"elementor-widget-wrap elementor-element-populated\">\n\t\t\t\t\t\t<div class=\"elementor-element elementor-element-5b73c8ad heading-wrapper elementor-widget elementor-widget-heading\" data-id=\"5b73c8ad\" data-element_type=\"widget\" data-e-type=\"widget\" data-widget_type=\"heading.default\">\n\t\t\t\t<div class=\"elementor-widget-container\">\n\t\t\t\t\t<h3 class=\"elementor-heading-title elementor-size-default\">Comit\u00e9 Legislativo<\/h3>\t\t\t\t<\/div>\n\t\t\t\t<\/div>\n\t\t\t\t<section class=\"elementor-section elementor-inner-section elementor-element elementor-element-2caf5240 content-wrapper elementor-section-boxed elementor-section-height-default elementor-section-height-default\" data-id=\"2caf5240\" data-element_type=\"section\" data-e-type=\"section\">\n\t\t\t\t\t\t<div class=\"elementor-container elementor-column-gap-default\">\n\t\t\t\t\t<div class=\"elementor-column elementor-col-50 elementor-inner-column elementor-element elementor-element-afa4459 divider-wrapper\" data-id=\"afa4459\" data-element_type=\"column\" data-e-type=\"column\">\n\t\t\t<div class=\"elementor-widget-wrap elementor-element-populated\">\n\t\t\t\t\t\t<div class=\"elementor-element elementor-element-5f15910 elementor-widget-divider--view-line elementor-widget elementor-widget-divider\" data-id=\"5f15910\" data-element_type=\"widget\" data-e-type=\"widget\" data-widget_type=\"divider.default\">\n\t\t\t\t<div class=\"elementor-widget-container\">\n\t\t\t\t\t\t\t<div class=\"elementor-divider\">\n\t\t\t<span class=\"elementor-divider-separator\">\n\t\t\t\t\t\t<\/span>\n\t\t<\/div>\n\t\t\t\t\t\t<\/div>\n\t\t\t\t<\/div>\n\t\t\t\t\t<\/div>\n\t\t<\/div>\n\t\t\t\t<div class=\"elementor-column elementor-col-50 elementor-inner-column elementor-element elementor-element-76c4ff39 content-outer\" data-id=\"76c4ff39\" data-element_type=\"column\" data-e-type=\"column\">\n\t\t\t<div class=\"elementor-widget-wrap\">\n\t\t\t\t\t\t\t<\/div>\n\t\t<\/div>\n\t\t\t\t\t<\/div>\n\t\t<\/section>\n\t\t\t\t\t<\/div>\n\t\t<\/div>\n\t\t\t\t<div class=\"elementor-column elementor-col-50 elementor-top-column elementor-element elementor-element-2e2e59c2 img-col\" data-id=\"2e2e59c2\" data-element_type=\"column\" data-e-type=\"column\">\n\t\t\t<div class=\"elementor-widget-wrap elementor-element-populated\">\n\t\t\t\t\t\t<section class=\"elementor-section elementor-inner-section elementor-element elementor-element-f514e92 img-wrapper elementor-section-boxed elementor-section-height-default elementor-section-height-default\" data-id=\"f514e92\" data-element_type=\"section\" data-e-type=\"section\">\n\t\t\t\t\t\t<div class=\"elementor-container elementor-column-gap-default\">\n\t\t\t\t\t<div class=\"elementor-column elementor-col-100 elementor-inner-column elementor-element elementor-element-1f29ae21 img-outer\" data-id=\"1f29ae21\" data-element_type=\"column\" data-e-type=\"column\">\n\t\t\t<div class=\"elementor-widget-wrap\">\n\t\t\t\t\t\t\t<\/div>\n\t\t<\/div>\n\t\t\t\t\t<\/div>\n\t\t<\/section>\n\t\t\t\t\t<\/div>\n\t\t<\/div>\n\t\t\t\t\t<\/div>\n\t\t<\/section>\n\t\t<div class=\"elementor-element elementor-element-0b77f4c e-flex e-con-boxed e-con e-parent\" data-id=\"0b77f4c\" data-element_type=\"container\" data-e-type=\"container\">\n\t\t\t\t\t<div class=\"e-con-inner\">\n\t\t<div class=\"elementor-element elementor-element-4a0e76e e-con-full e-flex e-con e-child\" data-id=\"4a0e76e\" data-element_type=\"container\" data-e-type=\"container\">\n\t\t\t\t<div class=\"elementor-element elementor-element-289b7a5 content-inner elementor-widget__width-initial elementor-widget elementor-widget-text-editor\" data-id=\"289b7a5\" data-element_type=\"widget\" data-e-type=\"widget\" data-widget_type=\"text-editor.default\">\n\t\t\t\t<div class=\"elementor-widget-container\">\n\t\t\t\t\t\t\t\t\t<p>2025-2026<\/p><h5>Coordinador del Comit\u00e9 Legislativo TRTA<\/h5><p>Dra. Mar\u00eda Widmier<\/p><h5>Miembros del Comit\u00e9 Legislativo de la TRTA<\/h5><p>Dora Luz Cackley (District 1), Belinda Aguilar (District 2), Becky Williams (District 3), Jane Eixmann (District 4), Richard Briggs (District 5), Dr. Johnie Walker (District 6), Phil Worsham (District 7), George Moore (District 8), Dee Palmore (District 9), Thomas Poore (District 10), Bill Combs (District 11), Alicia Smith (District 12), Gloria Cisneros Lenoir, Ph.D. (District 13), Sharon Daugherty (District 14), Nancy Byler (District 15), Doneice Ray (District 16), Eric McKnight (District 17), Shirley Johnson (District 18), Steve Evans (District 19), Richard Herbst (District 20)<\/p><h5>Locating The Legislative Resource Guide<\/h5><div>The Legislative Committee resource guide is only available on the TRTA Member Login site.\u00a0To access the Member Login site, click the red Member Login button at the top right of the TRTA website (www.trta.org). Please enter your username and password. Typically, your username is your member ID (your member ID is printed on the back of every issue of\u00a0<em>La voz<\/em>). In many cases, your password is trta123 unless you have changed it. If you forgot your Username, please use the Forgot Username link. To retrieve your password, use the Forgot Password link. You will receive an email to reset your password. If you have any difficulty with your username and password, please send an email to membership@trta.org or call 1.800.880.1650 and a staff member will assist you. Click on the Member Resources Tab to view a series of tabs where you can find additional forms and guides.<\/div><div>\u00a0<\/div><h5>Legislative Committee Purpose and Additional Resources<\/h5><p>El Comit\u00e9 Legislativo de la TRTA estudiar\u00e1 la legislaci\u00f3n pendiente, desarrollar\u00e1 e implementar\u00e1 un plan para promover nueva legislaci\u00f3n e informar\u00e1 continuamente a los miembros sobre la legislaci\u00f3n relacionada. El comit\u00e9 colaborar\u00e1 con la Legislatura de Cabello Plateado de Texas, la NRTA, otras organizaciones similares y con otras organizaciones educativas en materia de jubilaci\u00f3n. El comit\u00e9 colaborar\u00e1 con otros comit\u00e9s permanentes y especiales seg\u00fan corresponda para promover la misi\u00f3n de la TRTA.<\/p><ul><li><a href=\"https:\/\/trta.org\/wp-content\/uploads\/2024\/10\/2025-TRTA-Legislative-Priorities.V6.pdf\">2025 Legislative Priorities<\/a><\/li><li><a href=\"https:\/\/issuu.com\/docs\/1b0bf7d1d61d78e511ea416d54cba949?fr=xPf9aRSo\" target=\"_blank\" rel=\"noopener\">2024 TRS Value Report (Nov. 2024)<\/a><\/li><li><a href=\"https:\/\/trta.org\/wp-content\/uploads\/2024\/07\/Do-You-Know-the-Difference-DB-vs.-DC.pdf\">Do You Know the Difference DB vs. DC<\/a><\/li><li><a href=\"https:\/\/trta.org\/wp-content\/uploads\/2024\/07\/Legislative-Committee-Suggested-Activities-2024-2025.pdf\">Legislative Committee Chair Suggested Activities<\/a><a style=\"transition-property: all; background-color: #ffffff; font-size: 18px;\" href=\"https:\/\/trta.org\/wp-content\/uploads\/2024\/07\/Legislative-Committee-Suggested-Activities-2024-2025.pdf\" target=\"_blank\" rel=\"noopener\">\u00a0<\/a><\/li><\/ul>\t\t\t\t\t\t\t\t<\/div>\n\t\t\t\t<\/div>\n\t\t\t\t<div class=\"elementor-element elementor-element-db954e1 elementor-widget elementor-widget-image\" data-id=\"db954e1\" data-element_type=\"widget\" data-e-type=\"widget\" data-widget_type=\"image.default\">\n\t\t\t\t<div class=\"elementor-widget-container\">\n\t\t\t\t\t\t\t\t\t\t\t\t\t\t\t<img fetchpriority=\"high\" decoding=\"async\" width=\"800\" height=\"534\" src=\"https:\/\/trta.org\/wp-content\/uploads\/2025\/08\/LegislativeCommittee2025-1024x683.jpg\" class=\"attachment-large size-large wp-image-71906\" alt=\"\" srcset=\"https:\/\/trta.org\/wp-content\/uploads\/2025\/08\/LegislativeCommittee2025-1024x683.jpg 1024w, https:\/\/trta.org\/wp-content\/uploads\/2025\/08\/LegislativeCommittee2025-300x200.jpg 300w, https:\/\/trta.org\/wp-content\/uploads\/2025\/08\/LegislativeCommittee2025-768x512.jpg 768w, https:\/\/trta.org\/wp-content\/uploads\/2025\/08\/LegislativeCommittee2025-391x260.jpg 391w, https:\/\/trta.org\/wp-content\/uploads\/2025\/08\/LegislativeCommittee2025-1536x1024.jpg 1536w, https:\/\/trta.org\/wp-content\/uploads\/2025\/08\/LegislativeCommittee2025-2048x1365.jpg 2048w, https:\/\/trta.org\/wp-content\/uploads\/2025\/08\/LegislativeCommittee2025-18x12.jpg 18w\" sizes=\"(max-width: 800px) 100vw, 800px\" \/>\t\t\t\t\t\t\t\t\t\t\t\t\t\t\t<\/div>\n\t\t\t\t<\/div>\n\t\t\t\t<\/div>\n\t\t\t\t\t<\/div>\n\t\t\t\t<\/div>\n\t\t\t\t<section class=\"elementor-section elementor-top-section elementor-element elementor-element-1861e03c section-banner-cta elementor-section-boxed elementor-section-height-default elementor-section-height-default\" data-id=\"1861e03c\" data-element_type=\"section\" data-e-type=\"section\" data-settings=\"{&quot;background_background&quot;:&quot;classic&quot;}\">\n\t\t\t\t\t\t\t<div class=\"elementor-background-overlay\"><\/div>\n\t\t\t\t\t\t\t<div class=\"elementor-container elementor-column-gap-default\">\n\t\t\t\t\t<div class=\"elementor-column elementor-col-100 elementor-top-column elementor-element elementor-element-1cf481c8 inner-section\" data-id=\"1cf481c8\" data-element_type=\"column\" data-e-type=\"column\">\n\t\t\t<div class=\"elementor-widget-wrap elementor-element-populated\">\n\t\t\t\t\t\t<section class=\"elementor-section elementor-inner-section elementor-element elementor-element-719fa911 elementor-section-content-top content-wrapper elementor-section-boxed elementor-section-height-default elementor-section-height-default\" data-id=\"719fa911\" data-element_type=\"section\" data-e-type=\"section\">\n\t\t\t\t\t\t<div class=\"elementor-container elementor-column-gap-default\">\n\t\t\t\t\t<div class=\"elementor-column elementor-col-100 elementor-inner-column elementor-element elementor-element-157d26d6\" data-id=\"157d26d6\" data-element_type=\"column\" data-e-type=\"column\">\n\t\t\t<div class=\"elementor-widget-wrap elementor-element-populated\">\n\t\t\t\t\t\t<div class=\"elementor-element elementor-element-244a162d banner-content elementor-widget__width-initial elementor-widget elementor-widget-text-editor\" data-id=\"244a162d\" data-element_type=\"widget\" data-e-type=\"widget\" data-widget_type=\"text-editor.default\">\n\t\t\t\t<div class=\"elementor-widget-container\">\n\t\t\t\t\t\t\t\t\t<p>Para acceder a los recursos de TRTA para este comit\u00e9, inicie sesi\u00f3n en su perfil de miembro.<\/p>\t\t\t\t\t\t\t\t<\/div>\n\t\t\t\t<\/div>\n\t\t\t\t\t<\/div>\n\t\t<\/div>\n\t\t\t\t\t<\/div>\n\t\t<\/section>\n\t\t\t\t<section class=\"elementor-section elementor-inner-section elementor-element elementor-element-1c2ed15a buttons-wrapper elementor-section-boxed elementor-section-height-default elementor-section-height-default\" data-id=\"1c2ed15a\" data-element_type=\"section\" data-e-type=\"section\">\n\t\t\t\t\t\t<div class=\"elementor-container elementor-column-gap-default\">\n\t\t\t\t\t<div class=\"elementor-column elementor-col-100 elementor-inner-column elementor-element elementor-element-60916313\" data-id=\"60916313\" data-element_type=\"column\" data-e-type=\"column\">\n\t\t\t<div class=\"elementor-widget-wrap elementor-element-populated\">\n\t\t\t\t\t\t<div class=\"elementor-element elementor-element-73d684d5 cta-btn-wrapper elementor-tablet-align-center elementor-align-center elementor-widget elementor-widget-button\" data-id=\"73d684d5\" data-element_type=\"widget\" data-e-type=\"widget\" data-widget_type=\"button.default\">\n\t\t\t\t<div class=\"elementor-widget-container\">\n\t\t\t\t\t\t\t\t\t<div class=\"elementor-button-wrapper\">\n\t\t\t\t\t<a class=\"elementor-button elementor-button-link elementor-size-sm\" href=\"https:\/\/portal.trta.org\/mbr\/MemberAccountPages\/MemberLandingPage.aspx?WebsiteKey=01662631-2aec-480b-b22d-94e09dd34dc9&#038;bffd8d386a6f=5#bffd8d386a6f\" target=\"_blank\">\n\t\t\t\t\t\t<span class=\"elementor-button-content-wrapper\">\n\t\t\t\t\t\t<span class=\"elementor-button-icon\">\n\t\t\t\t<i aria-hidden=\"true\" class=\"fas fa-long-arrow-alt-right\"><\/i>\t\t\t<\/span>\n\t\t\t\t\t\t\t\t\t<span class=\"elementor-button-text\">Acceso<\/span>\n\t\t\t\t\t<\/span>\n\t\t\t\t\t<\/a>\n\t\t\t\t<\/div>\n\t\t\t\t\t\t\t\t<\/div>\n\t\t\t\t<\/div>\n\t\t\t\t\t<\/div>\n\t\t<\/div>\n\t\t\t\t\t<\/div>\n\t\t<\/section>\n\t\t\t\t\t<\/div>\n\t\t<\/div>\n\t\t\t\t\t<\/div>\n\t\t<\/section>\n\t\t\t\t<\/div>","protected":false},"excerpt":{"rendered":"<p>Legislative Committee 2025-2026 TRTA Legislative Committee Coordinator Dr. Mary Widmier TRTA Legislative Committee Members Dora Luz Cackley (District 1), Belinda Aguilar (District 2), Becky Williams (District 3), Jane Eixmann (District 4), Richard Briggs (District 5), Dr. Johnie Walker (District 6), Phil Worsham (District 7), George Moore (District 8), Dee Palmore (District 9), Thomas Poore (District [&hellip;]<\/p>\n","protected":false},"author":2,"featured_media":0,"parent":25,"menu_order":0,"comment_status":"closed","ping_status":"closed","template":"","meta":{"_acf_changed":false,"footnotes":""},"categories":[],"tags":[],"class_list":["post-63183","page","type-page","status-publish","hentry"],"acf":[],"yoast_head":"<!-- This site is optimized with the Yoast SEO plugin v27.2 - https:\/\/yoast.com\/product\/yoast-seo-wordpress\/ -->\n<title>Legislative Committee - Texas Retired Teachers Association<\/title>\n<meta name=\"description\" content=\"Learn more about the TRTA Legislative Committee. Texas Retired Teachers Association has eight permanent standing committees. Learn More.\" \/>\n<meta name=\"robots\" content=\"index, follow, max-snippet:-1, max-image-preview:large, max-video-preview:-1\" \/>\n<link rel=\"canonical\" href=\"https:\/\/trta.org\/es\/about-trta\/standing-committees\/legislative-committee\/\" \/>\n<meta property=\"og:locale\" content=\"es_ES\" \/>\n<meta property=\"og:type\" content=\"article\" \/>\n<meta property=\"og:title\" content=\"Legislative Committee - Texas Retired Teachers Association\" \/>\n<meta property=\"og:description\" content=\"Learn more about the TRTA Legislative Committee. Texas Retired Teachers Association has eight permanent standing committees. Learn More.\" \/>\n<meta property=\"og:url\" content=\"https:\/\/trta.org\/es\/about-trta\/standing-committees\/legislative-committee\/\" \/>\n<meta property=\"og:site_name\" content=\"Texas Retired Teachers Association\" \/>\n<meta property=\"article:modified_time\" content=\"2025-08-14T18:22:38+00:00\" \/>\n<meta property=\"og:image\" content=\"https:\/\/trta.org\/wp-content\/uploads\/2025\/08\/LegislativeCommittee2025-scaled.jpg\" \/>\n\t<meta property=\"og:image:width\" content=\"2560\" \/>\n\t<meta property=\"og:image:height\" content=\"1706\" \/>\n\t<meta property=\"og:image:type\" content=\"image\/jpeg\" \/>\n<meta name=\"twitter:card\" content=\"summary_large_image\" \/>\n<meta name=\"twitter:label1\" content=\"Tiempo de lectura\" \/>\n\t<meta name=\"twitter:data1\" content=\"2 minutos\" \/>\n<script type=\"application\/ld+json\" class=\"yoast-schema-graph\">{\"@context\":\"https:\/\/schema.org\",\"@graph\":[{\"@type\":\"WebPage\",\"@id\":\"https:\/\/trta.org\/about-trta\/standing-committees\/legislative-committee\/\",\"url\":\"https:\/\/trta.org\/about-trta\/standing-committees\/legislative-committee\/\",\"name\":\"Legislative Committee - Texas Retired Teachers Association\",\"isPartOf\":{\"@id\":\"https:\/\/trta.org\/#website\"},\"primaryImageOfPage\":{\"@id\":\"https:\/\/trta.org\/about-trta\/standing-committees\/legislative-committee\/#primaryimage\"},\"image\":{\"@id\":\"https:\/\/trta.org\/about-trta\/standing-committees\/legislative-committee\/#primaryimage\"},\"thumbnailUrl\":\"https:\/\/trta.org\/wp-content\/uploads\/2025\/08\/LegislativeCommittee2025-1024x683.jpg\",\"datePublished\":\"2023-01-03T15:56:23+00:00\",\"dateModified\":\"2025-08-14T18:22:38+00:00\",\"description\":\"Learn more about the TRTA Legislative Committee. Texas Retired Teachers Association has eight permanent standing committees. Learn More.\",\"breadcrumb\":{\"@id\":\"https:\/\/trta.org\/about-trta\/standing-committees\/legislative-committee\/#breadcrumb\"},\"inLanguage\":\"es\",\"potentialAction\":[{\"@type\":\"ReadAction\",\"target\":[\"https:\/\/trta.org\/about-trta\/standing-committees\/legislative-committee\/\"]}]},{\"@type\":\"ImageObject\",\"inLanguage\":\"es\",\"@id\":\"https:\/\/trta.org\/about-trta\/standing-committees\/legislative-committee\/#primaryimage\",\"url\":\"https:\/\/trta.org\/wp-content\/uploads\/2025\/08\/LegislativeCommittee2025-1024x683.jpg\",\"contentUrl\":\"https:\/\/trta.org\/wp-content\/uploads\/2025\/08\/LegislativeCommittee2025-1024x683.jpg\"},{\"@type\":\"BreadcrumbList\",\"@id\":\"https:\/\/trta.org\/about-trta\/standing-committees\/legislative-committee\/#breadcrumb\",\"itemListElement\":[{\"@type\":\"ListItem\",\"position\":1,\"name\":\"Home\",\"item\":\"https:\/\/trta.org\/\"},{\"@type\":\"ListItem\",\"position\":2,\"name\":\"About\",\"item\":\"https:\/\/trta.org\/about-trta\/\"},{\"@type\":\"ListItem\",\"position\":3,\"name\":\"Standing Committees\",\"item\":\"https:\/\/trta.org\/about-trta\/standing-committees\/\"},{\"@type\":\"ListItem\",\"position\":4,\"name\":\"Legislative Committee\"}]},{\"@type\":\"WebSite\",\"@id\":\"https:\/\/trta.org\/#website\",\"url\":\"https:\/\/trta.org\/\",\"name\":\"Texas Retired Teachers Association\",\"description\":\"\",\"publisher\":{\"@id\":\"https:\/\/trta.org\/#organization\"},\"potentialAction\":[{\"@type\":\"SearchAction\",\"target\":{\"@type\":\"EntryPoint\",\"urlTemplate\":\"https:\/\/trta.org\/?s={search_term_string}\"},\"query-input\":{\"@type\":\"PropertyValueSpecification\",\"valueRequired\":true,\"valueName\":\"search_term_string\"}}],\"inLanguage\":\"es\"},{\"@type\":\"Organization\",\"@id\":\"https:\/\/trta.org\/#organization\",\"name\":\"Texas Retired Teachers Association\",\"url\":\"https:\/\/trta.org\/\",\"logo\":{\"@type\":\"ImageObject\",\"inLanguage\":\"es\",\"@id\":\"https:\/\/trta.org\/#\/schema\/logo\/image\/\",\"url\":\"https:\/\/trta.org\/wp-content\/uploads\/2022\/12\/logo.png\",\"contentUrl\":\"https:\/\/trta.org\/wp-content\/uploads\/2022\/12\/logo.png\",\"width\":593,\"height\":183,\"caption\":\"Texas Retired Teachers Association\"},\"image\":{\"@id\":\"https:\/\/trta.org\/#\/schema\/logo\/image\/\"}}]}<\/script>\n<!-- \/ Yoast SEO plugin. -->","yoast_head_json":{"title":"Legislative Committee - Texas Retired Teachers Association","description":"Learn more about the TRTA Legislative Committee. Texas Retired Teachers Association has eight permanent standing committees. Learn More.","robots":{"index":"index","follow":"follow","max-snippet":"max-snippet:-1","max-image-preview":"max-image-preview:large","max-video-preview":"max-video-preview:-1"},"canonical":"https:\/\/trta.org\/es\/about-trta\/standing-committees\/legislative-committee\/","og_locale":"es_ES","og_type":"article","og_title":"Legislative Committee - Texas Retired Teachers Association","og_description":"Learn more about the TRTA Legislative Committee. Texas Retired Teachers Association has eight permanent standing committees. Learn More.","og_url":"https:\/\/trta.org\/es\/about-trta\/standing-committees\/legislative-committee\/","og_site_name":"Texas Retired Teachers Association","article_modified_time":"2025-08-14T18:22:38+00:00","og_image":[{"width":2560,"height":1706,"url":"https:\/\/trta.org\/wp-content\/uploads\/2025\/08\/LegislativeCommittee2025-scaled.jpg","type":"image\/jpeg"}],"twitter_card":"summary_large_image","twitter_misc":{"Tiempo de lectura":"2 minutos"},"schema":{"@context":"https:\/\/schema.org","@graph":[{"@type":"WebPage","@id":"https:\/\/trta.org\/about-trta\/standing-committees\/legislative-committee\/","url":"https:\/\/trta.org\/about-trta\/standing-committees\/legislative-committee\/","name":"Legislative Committee - Texas Retired Teachers Association","isPartOf":{"@id":"https:\/\/trta.org\/#website"},"primaryImageOfPage":{"@id":"https:\/\/trta.org\/about-trta\/standing-committees\/legislative-committee\/#primaryimage"},"image":{"@id":"https:\/\/trta.org\/about-trta\/standing-committees\/legislative-committee\/#primaryimage"},"thumbnailUrl":"https:\/\/trta.org\/wp-content\/uploads\/2025\/08\/LegislativeCommittee2025-1024x683.jpg","datePublished":"2023-01-03T15:56:23+00:00","dateModified":"2025-08-14T18:22:38+00:00","description":"Learn more about the TRTA Legislative Committee. Texas Retired Teachers Association has eight permanent standing committees. Learn More.","breadcrumb":{"@id":"https:\/\/trta.org\/about-trta\/standing-committees\/legislative-committee\/#breadcrumb"},"inLanguage":"es","potentialAction":[{"@type":"ReadAction","target":["https:\/\/trta.org\/about-trta\/standing-committees\/legislative-committee\/"]}]},{"@type":"ImageObject","inLanguage":"es","@id":"https:\/\/trta.org\/about-trta\/standing-committees\/legislative-committee\/#primaryimage","url":"https:\/\/trta.org\/wp-content\/uploads\/2025\/08\/LegislativeCommittee2025-1024x683.jpg","contentUrl":"https:\/\/trta.org\/wp-content\/uploads\/2025\/08\/LegislativeCommittee2025-1024x683.jpg"},{"@type":"BreadcrumbList","@id":"https:\/\/trta.org\/about-trta\/standing-committees\/legislative-committee\/#breadcrumb","itemListElement":[{"@type":"ListItem","position":1,"name":"Home","item":"https:\/\/trta.org\/"},{"@type":"ListItem","position":2,"name":"About","item":"https:\/\/trta.org\/about-trta\/"},{"@type":"ListItem","position":3,"name":"Standing Committees","item":"https:\/\/trta.org\/about-trta\/standing-committees\/"},{"@type":"ListItem","position":4,"name":"Legislative Committee"}]},{"@type":"WebSite","@id":"https:\/\/trta.org\/#website","url":"https:\/\/trta.org\/","name":"Asociaci\u00f3n de Maestros Jubilados de Texas","description":"","publisher":{"@id":"https:\/\/trta.org\/#organization"},"potentialAction":[{"@type":"SearchAction","target":{"@type":"EntryPoint","urlTemplate":"https:\/\/trta.org\/?s={search_term_string}"},"query-input":{"@type":"PropertyValueSpecification","valueRequired":true,"valueName":"search_term_string"}}],"inLanguage":"es"},{"@type":"Organization","@id":"https:\/\/trta.org\/#organization","name":"Asociaci\u00f3n de Maestros Jubilados de Texas","url":"https:\/\/trta.org\/","logo":{"@type":"ImageObject","inLanguage":"es","@id":"https:\/\/trta.org\/#\/schema\/logo\/image\/","url":"https:\/\/trta.org\/wp-content\/uploads\/2022\/12\/logo.png","contentUrl":"https:\/\/trta.org\/wp-content\/uploads\/2022\/12\/logo.png","width":593,"height":183,"caption":"Texas Retired Teachers Association"},"image":{"@id":"https:\/\/trta.org\/#\/schema\/logo\/image\/"}}]}},"_links":{"self":[{"href":"https:\/\/trta.org\/es\/wp-json\/wp\/v2\/pages\/63183","targetHints":{"allow":["GET"]}}],"collection":[{"href":"https:\/\/trta.org\/es\/wp-json\/wp\/v2\/pages"}],"about":[{"href":"https:\/\/trta.org\/es\/wp-json\/wp\/v2\/types\/page"}],"author":[{"embeddable":true,"href":"https:\/\/trta.org\/es\/wp-json\/wp\/v2\/users\/2"}],"replies":[{"embeddable":true,"href":"https:\/\/trta.org\/es\/wp-json\/wp\/v2\/comments?post=63183"}],"version-history":[{"count":0,"href":"https:\/\/trta.org\/es\/wp-json\/wp\/v2\/pages\/63183\/revisions"}],"up":[{"embeddable":true,"href":"https:\/\/trta.org\/es\/wp-json\/wp\/v2\/pages\/25"}],"wp:attachment":[{"href":"https:\/\/trta.org\/es\/wp-json\/wp\/v2\/media?parent=63183"}],"wp:term":[{"taxonomy":"category","embeddable":true,"href":"https:\/\/trta.org\/es\/wp-json\/wp\/v2\/categories?post=63183"},{"taxonomy":"post_tag","embeddable":true,"href":"https:\/\/trta.org\/es\/wp-json\/wp\/v2\/tags?post=63183"}],"curies":[{"name":"wp","href":"https:\/\/api.w.org\/{rel}","templated":true}]}}